{"id":52,"date":"2026-03-31T13:57:24","date_gmt":"2026-03-31T13:57:24","guid":{"rendered":"https:\/\/skwear.pl\/?post_type=product&#038;p=52"},"modified":"2026-04-13T08:35:02","modified_gmt":"2026-04-13T08:35:02","slug":"scrunche-soft-duo-bezowy-czarny","status":"publish","type":"product","link":"https:\/\/skwear.pl\/?product=scrunche-soft-duo-bezowy-czarny","title":{"rendered":"Scrunchie Soft Duo \u2013 Be\u017cowy\/Czarny"},"content":{"rendered":"<p>Scrunchie wykonana z wysokiej jako\u015bci, mi\u0119kkiej satyny z dodatkiem jedwabiu, kt\u00f3ra jest delikatniejsza dla w\u0142os\u00f3w. Mi\u0119kka i komfortowa &#8211; nie ci\u0105gnie i nie szarpie, a jednocze\u015bnie dobrze utrzymuje fryzur\u0119 przez ca\u0142y dzie\u0144.<\/p>\n<p>Dwukolorowe po\u0142\u0105czenie tkanin nadaje jej wyj\u0105tkowego charakteru, a dzi\u0119ki wi\u0119kszej ilo\u015bci materia\u0142u jest wyj\u0105tkowo puszysta i efektownie prezentuje si\u0119 na w\u0142osach.<\/p>\n<p>R\u0119cznie szyta w Polsce w ma\u0142ej pracowni, z dba\u0142o\u015bci\u0105 o ka\u017cdy detal. Ze wzgl\u0119du na r\u0119czne wykonanie, scrunchie mog\u0105 si\u0119 delikatnie od siebie r\u00f3\u017cni\u0107.<\/p>\n","protected":false},"excerpt":{"rendered":"<ul>\n<li>puszysta, mi\u0119kka scrunchie z satyny z dodatkiem jedwabiu<\/li>\n<li>delikatna dla w\u0142os\u00f3w i komfortowa w noszeniu przez ca\u0142y dzie\u0144<\/li>\n<li>pi\u0119knie uk\u0142ada si\u0119 na fryzurze i dodaje jej obj\u0119to\u015bci<\/li>\n<li>dwukolorowe po\u0142\u0105czenie nadaje jej wyj\u0105tkowego charakteru<\/li>\n<li>r\u0119cznie szyta w Polsce<\/li>\n<\/ul>\n","protected":false},"featured_media":688,"comment_status":"open","ping_status":"closed","template":"","meta":[],"product_brand":[],"product_cat":[96],"product_tag":[],"class_list":{"0":"post-52","1":"product","2":"type-product","3":"status-publish","4":"has-post-thumbnail","6":"product_cat-scrunchie-soft-duo","8":"first","9":"outofstock","10":"shipping-taxable","11":"purchasable","12":"product-type-simple"},"_links":{"self":[{"href":"https:\/\/skwear.pl\/index.php?rest_route=\/wp\/v2\/product\/52","targetHints":{"allow":["GET"]}}],"collection":[{"href":"https:\/\/skwear.pl\/index.php?rest_route=\/wp\/v2\/product"}],"about":[{"href":"https:\/\/skwear.pl\/index.php?rest_route=\/wp\/v2\/types\/product"}],"replies":[{"embeddable":true,"href":"https:\/\/skwear.pl\/index.php?rest_route=%2Fwp%2Fv2%2Fcomments&post=52"}],"wp:featuredmedia":[{"embeddable":true,"href":"https:\/\/skwear.pl\/index.php?rest_route=\/wp\/v2\/media\/688"}],"wp:attachment":[{"href":"https:\/\/skwear.pl\/index.php?rest_route=%2Fwp%2Fv2%2Fmedia&parent=52"}],"wp:term":[{"taxonomy":"product_brand","embeddable":true,"href":"https:\/\/skwear.pl\/index.php?rest_route=%2Fwp%2Fv2%2Fproduct_brand&post=52"},{"taxonomy":"product_cat","embeddable":true,"href":"https:\/\/skwear.pl\/index.php?rest_route=%2Fwp%2Fv2%2Fproduct_cat&post=52"},{"taxonomy":"product_tag","embeddable":true,"href":"https:\/\/skwear.pl\/index.php?rest_route=%2Fwp%2Fv2%2Fproduct_tag&post=52"}],"curies":[{"name":"wp","href":"https:\/\/api.w.org\/{rel}","templated":true}]}}