{"id":780,"date":"2026-04-07T21:21:15","date_gmt":"2026-04-07T21:21:15","guid":{"rendered":"https:\/\/skwear.pl\/?page_id=780"},"modified":"2026-04-09T11:04:53","modified_gmt":"2026-04-09T11:04:53","slug":"regulamin","status":"publish","type":"page","link":"https:\/\/skwear.pl\/?page_id=780","title":{"rendered":"Regulamin"},"content":{"rendered":"\t\t<div data-elementor-type=\"wp-page\" data-elementor-id=\"780\" class=\"elementor elementor-780\" data-elementor-post-type=\"page\">\n\t\t\t\t<div class=\"elementor-element elementor-element-5944f97 e-flex e-con-boxed e-con e-parent\" data-id=\"5944f97\" data-element_type=\"container\" data-e-type=\"container\">\n\t\t\t\t\t<div class=\"e-con-inner\">\n\t\t\t\t\t<\/div>\n\t\t\t\t<\/div>\n\t\t<div class=\"elementor-element elementor-element-ac1486f e-flex e-con-boxed e-con e-parent\" data-id=\"ac1486f\" data-element_type=\"container\" data-e-type=\"container\">\n\t\t\t\t\t<div class=\"e-con-inner\">\n\t\t\t\t<div class=\"elementor-element elementor-element-ce1f354 elementor-widget elementor-widget-text-editor\" data-id=\"ce1f354\" data-element_type=\"widget\" data-e-type=\"widget\" data-widget_type=\"text-editor.default\">\n\t\t\t\t\t\t\t\t\t<h5><strong>Regulamin<\/strong><\/h5><p><strong>\u00a71. Postanowienia wst\u0119pne<\/strong><\/p><p>Sklep internetowy\u00a0<strong>SKwear.pl<\/strong>, dost\u0119pny pod adresem internetowym\u00a0<a href=\"http:\/\/www.skwear.pl\">www.skwear.pl<\/a>, \u00a0prowadzony jest przez\u00a0King\u0119 Sikorsk\u0105, prowadz\u0105c\u0105 nierejestrowan\u0105 dzia\u0142alno\u015b\u0107 gospodarcz\u0105, zgodnie z obowi\u0105zuj\u0105cymi przepisami prawa.<\/p><p>Niniejszy Regulamin skierowany jest zar\u00f3wno do Konsument\u00f3w, jak i do Przedsi\u0119biorc\u00f3w korzystaj\u0105cych ze Sklepu i okre\u015bla zasady korzystania ze Sklepu internetowego oraz zasady i tryb zawierania Um\u00f3w Sprzeda\u017cy z Klientem na odleg\u0142o\u015b\u0107 za po\u015brednictwem Sklepu.<\/p><p>\u00a0<\/p><p><strong>\u00a72. Definicje<\/strong><\/p><p><strong>Konsument<\/strong>\u00a0\u2013 osoba fizyczna zawieraj\u0105ca ze Sprzedawc\u0105 umow\u0119 w ramach Sklepu, kt\u00f3rej przedmiot nie jest zwi\u0105zany bezpo\u015brednio z jej dzia\u0142alno\u015bci\u0105 gospodarcz\u0105 lub zawodow\u0105.<br \/><strong>Sprzedawca<\/strong>\u00a0\u2013\u00a0Kinga Sikorska, prowadz\u0105ca dzia\u0142alno\u015b\u0107 nierejestrowan\u0105, zgodnie z obowi\u0105zuj\u0105cymi przepisami prawa.<\/p><p><strong>Klient<\/strong>\u00a0\u2013 ka\u017cdy podmiot dokonuj\u0105cy zakup\u00f3w za po\u015brednictwem Sklepu.<br \/><strong>Przedsi\u0119biorca<\/strong>\u00a0\u2013 osoba fizyczna, osoba prawna lub jednostka organizacyjna posiadaj\u0105ca zdolno\u015b\u0107 prawn\u0105, wykonuj\u0105ca we w\u0142asnym imieniu dzia\u0142alno\u015b\u0107 gospodarcz\u0105, kt\u00f3ra korzysta ze Sklepu.<br \/><strong>Sklep<\/strong>\u00a0\u2013 sklep internetowy prowadzony przez Sprzedawc\u0119 pod adresem\u00a0<a href=\"http:\/\/www.skwear.pl\">www.skwear.pl<\/a>. \u00a0<br \/><strong>Umowa zawarta na odleg\u0142o\u015b\u0107<\/strong>\u00a0\u2013 umowa zawarta z Klientem w ramach zorganizowanego systemu zawierania um\u00f3w na odleg\u0142o\u015b\u0107 (w ramach Sklepu), bez jednoczesnej fizycznej obecno\u015bci stron.<br \/><strong>Regulamin<\/strong>\u00a0\u2013 niniejszy regulamin Sklepu.<br \/><strong>Zam\u00f3wienie<\/strong>\u00a0\u2013 o\u015bwiadczenie woli Klienta sk\u0142adane za pomoc\u0105 Formularza Zam\u00f3wienia, zmierzaj\u0105ce bezpo\u015brednio do zawarcia Umowy Sprzeda\u017cy Produktu.<br \/><strong>Konto<\/strong>\u00a0\u2013 konto klienta w Sklepie, zawieraj\u0105ce dane podane przez Klienta oraz histori\u0119 Zam\u00f3wie\u0144.<br \/><strong>Formularz rejestracji<\/strong>\u00a0\u2013 formularz umo\u017cliwiaj\u0105cy utworzenie Konta.<br \/><strong>Formularz zam\u00f3wienia<\/strong>\u00a0\u2013 interaktywny formularz umo\u017cliwiaj\u0105cy z\u0142o\u017cenie Zam\u00f3wienia.<br \/><strong>Koszyk<\/strong>\u00a0\u2013 element oprogramowania Sklepu, w kt\u00f3rym widoczne s\u0105 wybrane Produkty.<br \/><strong>Produkt<\/strong>\u00a0\u2013 dost\u0119pna w Sklepie rzecz ruchoma lub us\u0142uga b\u0119d\u0105ca przedmiotem Umowy Sprzeda\u017cy.<br \/><strong>Umowa Sprzeda\u017cy<\/strong>\u00a0\u2013 umowa sprzeda\u017cy Produktu zawierana mi\u0119dzy Klientem a Sprzedawc\u0105 za po\u015brednictwem Sklepu internetowego.<\/p><p><strong>\u00a0<\/strong><\/p><p><strong>\u00a73. Kontakt ze Sklepem<\/strong><\/p><p>Adres Sprzedawcy:\u00a0ul. Brata Alberta 61 Wierzchowisko 42-233 <br \/>Adres e-mail:\u00a0<a href=\"mailto:skwear.pl@gmail.com\">skwear.pl@gmail.com<\/a> <br \/>Klient mo\u017ce kontaktowa\u0107 si\u0119 ze Sprzedawc\u0105 za pomoc\u0105 powy\u017cszych danych kontaktowych.<\/p><p>\u00a0<\/p><p><strong>\u00a74. Wymagania techniczne<\/strong><\/p><p>Do korzystania ze Sklepu, w tym przegl\u0105dania asortymentu oraz sk\u0142adania zam\u00f3wie\u0144, niezb\u0119dne s\u0105:<\/p><ul><li>urz\u0105dzenie z dost\u0119pem do Internetu i przegl\u0105dark\u0105 internetow\u0105,<\/li><li>aktywne konto e-mail,<\/li><li>w\u0142\u0105czona obs\u0142uga plik\u00f3w cookies.<\/li><\/ul><p>\u00a0<\/p><p><strong>\u00a75. Informacje og\u00f3lne<\/strong><\/p><ol><li>Sprzedawca nie ponosi odpowiedzialno\u015bci za zak\u0142\u00f3cenia w dzia\u0142aniu Sklepu spowodowane si\u0142\u0105 wy\u017csz\u0105, dzia\u0142aniem os\u00f3b trzecich lub niekompatybilno\u015bci\u0105 systemu Klienta z infrastruktur\u0105 techniczn\u0105 Sklepu.<\/li><li>Przegl\u0105danie asortymentu Sklepu nie wymaga posiadania Konta.<\/li><li>Ceny w Sklepie podane s\u0105 w z\u0142otych polskich (PLN). Sprzedawca nie jest podatnikiem VAT.<\/li><li>Ca\u0142kowita kwota do zap\u0142aty obejmuje cen\u0119 Produktu oraz koszt dostawy.<\/li><li>Informacje o kosztach dostawy s\u0105 podane na stronach Sklepu i w trakcie sk\u0142adania Zam\u00f3wienia.<\/li><\/ol><p>\u00a0<\/p><p><strong>\u00a76. Zak\u0142adanie Konta<\/strong><\/p><ol><li>Aby za\u0142o\u017cy\u0107 Konto, nale\u017cy wype\u0142ni\u0107 Formularz rejestracji.<\/li><li>Rejestracja jest bezp\u0142atna.<\/li><li>Logowanie odbywa si\u0119 poprzez adres e-mail i has\u0142o.<\/li><li>Klient mo\u017ce w ka\u017cdej chwili usun\u0105\u0107 Konto poprzez wys\u0142anie \u017c\u0105dania na adres e-mail Sprzedawcy.<\/li><\/ol><p>\u00a0<\/p><p><strong>\u00a77. Zasady sk\u0142adania Zam\u00f3wienia<\/strong><\/p><ol><li>W celu z\u0142o\u017cenia Zam\u00f3wienia nale\u017cy:<br \/>&#8211; wybra\u0107 Produkt,<br \/>&#8211; doda\u0107 go do Koszyka,<br \/>&#8211; wype\u0142ni\u0107 Formularz zam\u00f3wienia,<br \/>&#8211; wybra\u0107 spos\u00f3b p\u0142atno\u015bci i dostawy,<br \/>&#8211; zatwierdzi\u0107 Zam\u00f3wienie klikaj\u0105c \u201eZamawiam i p\u0142ac\u0119\u201d.<\/li><li>Klient zobowi\u0105zany jest do dokonania p\u0142atno\u015bci w terminie okre\u015blonym w potwierdzeniu Zam\u00f3wienia.<\/li><\/ol><p>\u00a0<\/p><p><strong>\u00a78. Dostawa i p\u0142atno\u015b\u0107<\/strong><\/p><p>Metody dostawy:<\/p><ul><li>Paczkomaty InPost<\/li><li>Kurier InPost<\/li><\/ul><p>Metody p\u0142atno\u015bci:<\/p><ul><li>P\u0142atno\u015bci online (BLIK, szybkie przelewy, tradycyjne przelewy)<\/li><\/ul><p>Szczeg\u00f3\u0142owe informacje dotycz\u0105ce p\u0142atno\u015bci i dostawy znajduj\u0105 si\u0119 na stronie Sklepu.<\/p><p>\u00a0<\/p><p><strong>\u00a79. Wykonanie umowy sprzeda\u017cy<\/strong><\/p><ol><li>Zawarcie Umowy nast\u0119puje po potwierdzeniu Zam\u00f3wienia przez Sprzedawc\u0119 drog\u0105 e-mailow\u0105.<\/li><li>Sprzedawca realizuje zam\u00f3wienia w terminie do 7 dni roboczych od otrzymania p\u0142atno\u015bci.<\/li><li>Dostawa odbywa si\u0119 wy\u0142\u0105cznie na terenie Polski.<\/li><li>W przypadku p\u0142atno\u015bci przelewem &#8211; realizacja rozpoczyna si\u0119 po zaksi\u0119gowaniu \u015brodk\u00f3w.<\/li><\/ol><p>\u00a0<\/p><p><strong>\u00a710. Prawo odst\u0105pienia od umowy<\/strong><\/p><ol><li>Konsument ma prawo odst\u0105pi\u0107 od umowy w terminie 14 dni bez podania przyczyny.<\/li><li>O\u015bwiadczenie o odst\u0105pieniu mo\u017cna przes\u0142a\u0107 na adres e-mail\u00a0<strong><a href=\"mailto:skwear.pl@gmail.com\">skwear.pl@gmail.com<\/a>. <\/strong><\/li><li>Konsument zobowi\u0105zany jest odes\u0142a\u0107 Produkt w ci\u0105gu 14 dni od dnia z\u0142o\u017cenia o\u015bwiadczenia.<\/li><li>Sprzedawca dokonuje zwrotu p\u0142atno\u015bci w terminie do 14 dni od otrzymania zwracanego produktu.<\/li><li>Zwrotom nie podlegaj\u0105 produkty wykonane na zam\u00f3wienie.\u00a0 \u00a0 \u00a0 \u00a0 \u00a0 \u00a0 \u00a0 \u00a0 \u00a0 \u00a0 \u00a0 \u00a0 \u00a0 \u00a0 \u00a0 \u00a0 \u00a0 \u00a0 \u00a0 \u00a0 \u00a0 \u00a0 \u00a0 \u00a0 \u00a0 \u00a0 \u00a0 \u00a0 \u00a0 \u00a0 \u00a0 \u00a0 \u00a0 \u00a0 \u00a0 \u00a0 \u00a0 \u00a0 \u00a0 \u00a0 \u00a0 \u00a0 \u00a0 \u00a0 \u00a0 \u00a0 \u00a0 \u00a0 \u00a0 \u00a0 \u00a0 \u00a0 \u00a0 \u00a0 \u00a0 \u00a0 \u00a0 \u00a0 \u00a0 \u00a0 \u00a0 \u00a0 \u00a0 \u00a0 \u00a0 \u00a0 \u00a0 \u00a0 \u00a0 \u00a0 \u00a0 \u00a0 \u00a0 \u00a0 a) Ze wzgl\u0119d\u00f3w higienicznych zwrot nie przys\u0142uguje w przypadku produkt\u00f3w u\u017cywanych lub nosz\u0105cych \u015blady u\u017cytkowania.<\/li><\/ol><p>\u00a0<\/p><p><strong>\u00a711. Reklamacje i gwarancja<\/strong><\/p><ol><li>Produkty oferowane w Sklepie s\u0105 nowe.<\/li><li>Produkty wykonywane s\u0105 r\u0119cznie, dlatego mog\u0105 si\u0119 nieznacznie r\u00f3\u017cni\u0107 mi\u0119dzy sob\u0105, co nie stanowi wady produktu. \u00a0<\/li><li>W przypadku wyst\u0105pienia wady Klient mo\u017ce z\u0142o\u017cy\u0107 reklamacj\u0119 drog\u0105 mailow\u0105 na adres\u00a0<strong><a href=\"mailto:skwear.pl@gmail.com\">skwear.pl@gmail.com<\/a> <\/strong>lub listownie na adres Sprzedawcy.<\/li><li>Sprzedawca rozpatruje reklamacj\u0119 w terminie do 14 dni.<\/li><li>Towary odsy\u0142ane w ramach reklamacji nale\u017cy przes\u0142a\u0107 na adres Sprzedawcy.<\/li><\/ol><p>\u00a0<\/p><p><strong>\u00a712. Pozas\u0105dowe sposoby rozwi\u0105zywania spor\u00f3w<\/strong><\/p><p>Konsument ma prawo skorzysta\u0107 z pozas\u0105dowych sposob\u00f3w rozwi\u0105zywania spor\u00f3w, w tym z platformy ODR dost\u0119pnej pod adresem:<br \/><a href=\"http:\/\/ec.europa.eu\/consumers\/odr\/\">http:\/\/ec.europa.eu\/consumers\/odr\/<\/a><\/p><p>\u00a0<\/p><p><strong>\u00a713. Dane osobowe<\/strong><\/p><ol><li>Administratorem danych osobowych jest\u00a0Kinga Sikorska<\/li><li>Dane osobowe s\u0105 przetwarzane wy\u0142\u0105cznie w celu realizacji zam\u00f3wienia lub- po wyra\u017ceniu zgody &#8211; w celach marketingowych.<\/li><li>Klient ma prawo wgl\u0105du, poprawienia oraz usuni\u0119cia swoich danych.<\/li><li>Szczeg\u00f3\u0142owe informacje znajduj\u0105 si\u0119 w Polityce prywatno\u015bci dost\u0119pnej na stronie\u00a0<a href=\"http:\/\/www.skwear.pl\">www.skwear.pl<\/a><\/li><\/ol><p>\u00a0<\/p><p><strong>\u00a714. Postanowienia ko\u0144cowe<\/strong><\/p><ol><li>Umowy zawierane s\u0105 w j\u0119zyku polskim.<\/li><li>Sprzedawca zastrzega sobie prawo do zmiany Regulaminu z wa\u017cnych przyczyn (zmiany prawa, sposob\u00f3w p\u0142atno\u015bci lub dostawy).<\/li><li>W sprawach nieuregulowanych maj\u0105 zastosowanie przepisy Kodeksu cywilnego oraz ustawy o prawach konsumenta.<\/li><\/ol>\t\t\t\t\t\t\t\t<\/div>\n\t\t\t\t\t<\/div>\n\t\t\t\t<\/div>\n\t\t\t\t<\/div>\n\t\t","protected":false},"excerpt":{"rendered":"<p>Regulamin \u00a71. Postanowienia wst\u0119pne Sklep internetowy\u00a0SKwear.pl, dost\u0119pny pod adresem internetowym\u00a0www.skwear.pl, \u00a0prowadzony jest przez\u00a0King\u0119 Sikorsk\u0105, prowadz\u0105c\u0105 nierejestrowan\u0105 dzia\u0142alno\u015b\u0107 gospodarcz\u0105, zgodnie z obowi\u0105zuj\u0105cymi przepisami prawa. Niniejszy Regulamin skierowany jest zar\u00f3wno do Konsument\u00f3w, jak i do Przedsi\u0119biorc\u00f3w korzystaj\u0105cych ze Sklepu i okre\u015bla zasady korzystania ze Sklepu internetowego oraz zasady i tryb zawierania Um\u00f3w Sprzeda\u017cy z Klientem na odleg\u0142o\u015b\u0107<\/p>\n<div class=\"klb-readmore entry-button\"><a class=\"btn link\" href=\"https:\/\/skwear.pl\/?page_id=780\">Read More <i class=\"klbth-icon-right-arrow\"><\/i><\/a><\/div>\n","protected":false},"author":1,"featured_media":0,"parent":0,"menu_order":0,"comment_status":"closed","ping_status":"closed","template":"","meta":{"footnotes":""},"class_list":["post-780","page","type-page","status-publish","hentry"],"_links":{"self":[{"href":"https:\/\/skwear.pl\/index.php?rest_route=\/wp\/v2\/pages\/780","targetHints":{"allow":["GET"]}}],"collection":[{"href":"https:\/\/skwear.pl\/index.php?rest_route=\/wp\/v2\/pages"}],"about":[{"href":"https:\/\/skwear.pl\/index.php?rest_route=\/wp\/v2\/types\/page"}],"author":[{"embeddable":true,"href":"https:\/\/skwear.pl\/index.php?rest_route=\/wp\/v2\/users\/1"}],"replies":[{"embeddable":true,"href":"https:\/\/skwear.pl\/index.php?rest_route=%2Fwp%2Fv2%2Fcomments&post=780"}],"version-history":[{"count":7,"href":"https:\/\/skwear.pl\/index.php?rest_route=\/wp\/v2\/pages\/780\/revisions"}],"predecessor-version":[{"id":810,"href":"https:\/\/skwear.pl\/index.php?rest_route=\/wp\/v2\/pages\/780\/revisions\/810"}],"wp:attachment":[{"href":"https:\/\/skwear.pl\/index.php?rest_route=%2Fwp%2Fv2%2Fmedia&parent=780"}],"curies":[{"name":"wp","href":"https:\/\/api.w.org\/{rel}","templated":true}]}}