{"id":711,"date":"2026-04-07T14:09:15","date_gmt":"2026-04-07T14:09:15","guid":{"rendered":"https:\/\/skwear.pl\/?page_id=711"},"modified":"2026-04-07T14:11:43","modified_gmt":"2026-04-07T14:11:43","slug":"kontakt","status":"publish","type":"page","link":"https:\/\/skwear.pl\/?page_id=711","title":{"rendered":"Kontakt"},"content":{"rendered":"\t\t<div data-elementor-type=\"wp-page\" data-elementor-id=\"711\" class=\"elementor elementor-711\" data-elementor-post-type=\"page\">\n\t\t\t\t<div class=\"elementor-element elementor-element-1d34b24 e-flex e-con-boxed e-con e-parent\" data-id=\"1d34b24\" data-element_type=\"container\" data-e-type=\"container\">\n\t\t\t\t\t<div class=\"e-con-inner\">\n\t\t\t\t<div class=\"elementor-element elementor-element-4ba2672 elementor-widget elementor-widget-text-editor\" data-id=\"4ba2672\" data-element_type=\"widget\" data-e-type=\"widget\" data-widget_type=\"text-editor.default\">\n\t\t\t\t\t\t\t\t\t<p data-start=\"332\" data-end=\"403\">Masz pytanie, potrzebujesz pomocy lub chcesz si\u0119 z nami skontaktowa\u0107?<\/p><p data-start=\"410\" data-end=\"490\">Napisz do nas mailowo na<\/p><p data-start=\"410\" data-end=\"490\">\u00a0 <strong>skwear.pl@gmail.com<\/strong><\/p><p data-start=\"410\" data-end=\"490\">lub odezwij si\u0119 przez social media &#8211; ch\u0119tnie pomo\u017cemy!<\/p><p data-start=\"410\" data-end=\"490\">\u00a0<\/p>\t\t\t\t\t\t\t\t<\/div>\n\t\t\t\t\t<\/div>\n\t\t\t\t<\/div>\n\t\t\t\t<\/div>\n\t\t","protected":false},"excerpt":{"rendered":"<p>Masz pytanie, potrzebujesz pomocy lub chcesz si\u0119 z nami skontaktowa\u0107? Napisz do nas mailowo na \u00a0 skwear.pl@gmail.com lub odezwij si\u0119 przez social media &#8211; ch\u0119tnie pomo\u017cemy! \u00a0<\/p>\n","protected":false},"author":1,"featured_media":0,"parent":0,"menu_order":0,"comment_status":"closed","ping_status":"closed","template":"","meta":{"footnotes":""},"class_list":["post-711","page","type-page","status-publish","hentry"],"_links":{"self":[{"href":"https:\/\/skwear.pl\/index.php?rest_route=\/wp\/v2\/pages\/711","targetHints":{"allow":["GET"]}}],"collection":[{"href":"https:\/\/skwear.pl\/index.php?rest_route=\/wp\/v2\/pages"}],"about":[{"href":"https:\/\/skwear.pl\/index.php?rest_route=\/wp\/v2\/types\/page"}],"author":[{"embeddable":true,"href":"https:\/\/skwear.pl\/index.php?rest_route=\/wp\/v2\/users\/1"}],"replies":[{"embeddable":true,"href":"https:\/\/skwear.pl\/index.php?rest_route=%2Fwp%2Fv2%2Fcomments&post=711"}],"version-history":[{"count":4,"href":"https:\/\/skwear.pl\/index.php?rest_route=\/wp\/v2\/pages\/711\/revisions"}],"predecessor-version":[{"id":715,"href":"https:\/\/skwear.pl\/index.php?rest_route=\/wp\/v2\/pages\/711\/revisions\/715"}],"wp:attachment":[{"href":"https:\/\/skwear.pl\/index.php?rest_route=%2Fwp%2Fv2%2Fmedia&parent=711"}],"curies":[{"name":"wp","href":"https:\/\/api.w.org\/{rel}","templated":true}]}}