{"id":704,"date":"2026-04-07T13:53:45","date_gmt":"2026-04-07T13:53:45","guid":{"rendered":"https:\/\/skwear.pl\/?page_id=704"},"modified":"2026-04-07T15:52:17","modified_gmt":"2026-04-07T15:52:17","slug":"o-nas","status":"publish","type":"page","link":"https:\/\/skwear.pl\/?page_id=704","title":{"rendered":"O nas"},"content":{"rendered":"\t\t<div data-elementor-type=\"wp-page\" data-elementor-id=\"704\" class=\"elementor elementor-704\" data-elementor-post-type=\"page\">\n\t\t\t\t<div class=\"elementor-element elementor-element-133cae5 e-con-full e-flex e-con e-parent\" data-id=\"133cae5\" data-element_type=\"container\" data-e-type=\"container\" data-settings=\"{&quot;background_background&quot;:&quot;classic&quot;}\">\n\t\t<div class=\"elementor-element elementor-element-847ddb2 e-flex e-con-boxed e-con e-child\" data-id=\"847ddb2\" data-element_type=\"container\" data-e-type=\"container\">\n\t\t\t\t\t<div class=\"e-con-inner\">\n\t\t\t\t<div class=\"elementor-element elementor-element-25a85cb elementor-widget elementor-widget-heading\" data-id=\"25a85cb\" data-element_type=\"widget\" data-e-type=\"widget\" data-widget_type=\"heading.default\">\n\t\t\t\t\t<span class=\"elementor-heading-title elementor-size-default\">O nas<\/span>\t\t\t\t<\/div>\n\t\t\t\t<div class=\"elementor-element elementor-element-5d11ff5 elementor-widget elementor-widget-text-editor\" data-id=\"5d11ff5\" data-element_type=\"widget\" data-e-type=\"widget\" data-widget_type=\"text-editor.default\">\n\t\t\t\t\t\t\t\t\t<p>Ta marka powsta\u0142a z potrzeby tworzenia rzeczy, kt\u00f3re s\u0105 jednocze\u015bnie estetyczne, dopracowane i komfortowe w codziennym u\u017cytkowaniu.<\/p><p>Za projektem stoi ma\u0142y zesp\u00f3\u0142 &#8211; dwie, siostry: Patrycja i Kinga. Wszystkie produkty powstaj\u0105 od pomys\u0142u po realizacj\u0119 i s\u0105 szyte r\u0119cznie w Polsce, w ma\u0142ej pracowni, z dba\u0142o\u015bci\u0105 o ka\u017cdy detal i jako\u015b\u0107 wykonania.<\/p><p>Nasz\u0105 codzienno\u015b\u0107, proces tworzenia i rozw\u00f3j mo\u017cesz \u015bledzi\u0107 w naszych social mediach &#8211; na TikToku i Instagramie.<\/p><p>Na co dzie\u0144 zajmujemy si\u0119 wszystkim &#8211; od szycia, przez pakowanie, a\u017c po kontakt z klientami.<\/p><p>To projekt, kt\u00f3ry ro\u015bnie razem z nami.\u00a0<\/p>\t\t\t\t\t\t\t\t<\/div>\n\t\t\t\t\t<\/div>\n\t\t\t\t<\/div>\n\t\t\t\t<\/div>\n\t\t\t\t<\/div>\n\t\t","protected":false},"excerpt":{"rendered":"<p>O nas Ta marka powsta\u0142a z potrzeby tworzenia rzeczy, kt\u00f3re s\u0105 jednocze\u015bnie estetyczne, dopracowane i komfortowe w codziennym u\u017cytkowaniu. Za projektem stoi ma\u0142y zesp\u00f3\u0142 &#8211; dwie, siostry: Patrycja i Kinga. Wszystkie produkty powstaj\u0105 od pomys\u0142u po realizacj\u0119 i s\u0105 szyte r\u0119cznie w Polsce, w ma\u0142ej pracowni, z dba\u0142o\u015bci\u0105 o ka\u017cdy detal i jako\u015b\u0107 wykonania. Nasz\u0105<\/p>\n<div class=\"klb-readmore entry-button\"><a class=\"btn link\" href=\"https:\/\/skwear.pl\/?page_id=704\">Read More <i class=\"klbth-icon-right-arrow\"><\/i><\/a><\/div>\n","protected":false},"author":1,"featured_media":0,"parent":0,"menu_order":0,"comment_status":"closed","ping_status":"closed","template":"","meta":{"footnotes":""},"class_list":["post-704","page","type-page","status-publish","hentry"],"_links":{"self":[{"href":"https:\/\/skwear.pl\/index.php?rest_route=\/wp\/v2\/pages\/704","targetHints":{"allow":["GET"]}}],"collection":[{"href":"https:\/\/skwear.pl\/index.php?rest_route=\/wp\/v2\/pages"}],"about":[{"href":"https:\/\/skwear.pl\/index.php?rest_route=\/wp\/v2\/types\/page"}],"author":[{"embeddable":true,"href":"https:\/\/skwear.pl\/index.php?rest_route=\/wp\/v2\/users\/1"}],"replies":[{"embeddable":true,"href":"https:\/\/skwear.pl\/index.php?rest_route=%2Fwp%2Fv2%2Fcomments&post=704"}],"version-history":[{"count":10,"href":"https:\/\/skwear.pl\/index.php?rest_route=\/wp\/v2\/pages\/704\/revisions"}],"predecessor-version":[{"id":732,"href":"https:\/\/skwear.pl\/index.php?rest_route=\/wp\/v2\/pages\/704\/revisions\/732"}],"wp:attachment":[{"href":"https:\/\/skwear.pl\/index.php?rest_route=%2Fwp%2Fv2%2Fmedia&parent=704"}],"curies":[{"name":"wp","href":"https:\/\/api.w.org\/{rel}","templated":true}]}}